{"id":139,"date":"2021-08-31T12:55:01","date_gmt":"2021-08-31T12:55:01","guid":{"rendered":"https:\/\/cerc.usv.ro\/?page_id=139"},"modified":"2021-08-31T12:55:03","modified_gmt":"2021-08-31T12:55:03","slug":"partners","status":"publish","type":"page","link":"https:\/\/cerc.usv.ro\/en\/partners\/","title":{"rendered":"PARTNERS"},"content":{"rendered":"<h2>Regional partners:<\/h2>\n\n\n\n<ul><li>C\u0103limani National Park, <\/li><li>Suceava Chamber of Commerce and\nIndustry, <\/li><li>Bucovina Tourism Association \/\nNorth-East Regional Tourism Cluster, <\/li><li>Suceava County Council, <\/li><li>Bucovina Museum.<\/li><\/ul>\n\n\n\n<h2>National partners:<\/h2>\n\n\n\n<ul><li>National tourism\nmanagement associations; <\/li><li>Federation of\nAssociations for the Promotion of Tourism\n(contact person: Corina Martin, president); <\/li><li>Romanian Ecotourism Association (contact\nperson: Andrei Blumer, president); <\/li><li>National Association of Travel Agencies, OPTBR\n(contact person: Rodica Pencea, general\nsecretary); <\/li><li>Tourism Market (Carmina Ni\u021bescu, blogger, Tourism Market administrator).<\/li><\/ul>\n\n\n\n<h2>International partners and collaborative\nrelations:<\/h2>\n\n\n\n<ul><li>NFI - Nature Friends International, <\/li><li>Baltic College Germany, <\/li><li>Bremen University\nGermany,<\/li><li>Universita degli Studi di Bari,<\/li><li>Rey Juan Carlos University Madrid, <\/li><li>University of Natural Resources and Life Science Vienna (BOKU), <\/li><li>University of Pescara, <\/li><li>Unviersity of Dudzce Turkey.<\/li><\/ul>","protected":false},"excerpt":{"rendered":"<p>Parteneri regionali: Parcul Na\u0163ional C\u0103limani, Camera de Comer\u0163 \u015fi Industrie Suceava, Asocia\u0163ia pentru Turism Bucovina\/Clusterul Regional de Turism Nord-Est, Consiliul Jude\u0163ean Suceava, Muzeul Bucovinei. Parteneri na\u021bionali: Asocia\u0163ii na\u0163ionale de managementul turismului; Federa\u0163ia Asocia\u0163iilor de Promovare a Turismului (pesoan\u0103 de contact: Corina Martin, pre\u0219edinte); Asocia\u0163ia de Ecoturism din Rom\u00e2nia (persoan\u0103 de contact: Andrei Blumer, pre\u0219edinte); Asocia\u0163ia [&hellip;]<\/p>","protected":false},"author":1,"featured_media":0,"parent":0,"menu_order":0,"comment_status":"closed","ping_status":"closed","template":"","meta":{"_eb_attr":"","spay_email":""},"_links":{"self":[{"href":"https:\/\/cerc.usv.ro\/en\/wp-json\/wp\/v2\/pages\/139"}],"collection":[{"href":"https:\/\/cerc.usv.ro\/en\/wp-json\/wp\/v2\/pages"}],"about":[{"href":"https:\/\/cerc.usv.ro\/en\/wp-json\/wp\/v2\/types\/page"}],"author":[{"embeddable":true,"href":"https:\/\/cerc.usv.ro\/en\/wp-json\/wp\/v2\/users\/1"}],"replies":[{"embeddable":true,"href":"https:\/\/cerc.usv.ro\/en\/wp-json\/wp\/v2\/comments?post=139"}],"version-history":[{"count":1,"href":"https:\/\/cerc.usv.ro\/en\/wp-json\/wp\/v2\/pages\/139\/revisions"}],"predecessor-version":[{"id":140,"href":"https:\/\/cerc.usv.ro\/en\/wp-json\/wp\/v2\/pages\/139\/revisions\/140"}],"wp:attachment":[{"href":"https:\/\/cerc.usv.ro\/en\/wp-json\/wp\/v2\/media?parent=139"}],"curies":[{"name":"wp","href":"https:\/\/api.w.org\/{rel}","templated":true}]}}