{"id":135,"date":"2021-08-31T12:49:57","date_gmt":"2021-08-31T12:49:57","guid":{"rendered":"https:\/\/cerc.usv.ro\/?page_id=135"},"modified":"2021-08-31T12:49:59","modified_gmt":"2021-08-31T12:49:59","slug":"community-support","status":"publish","type":"page","link":"https:\/\/cerc.usv.ro\/en\/community-support\/","title":{"rendered":"COMMUNITY SUPPORT"},"content":{"rendered":"<p>THE TOURISM RESOURCES AND\nRESEARCH CENTER \/ CERC Tourism\nBucovina was initiated as<br>a result of the\npartnership between the Faculty of\nEconomics and Public Administration, the\nChamber of Commerce<br>and Industry of\nSuceava County and the Association for\nTourism Bucovina, members of the Regional<br>Tourism Cluster Bucovina.<\/p>","protected":false},"excerpt":{"rendered":"<p>CENTRUL DE RESURSE \u015eI CERCETARE \u00ceN TURISM \/ CERC Turism Bucovina a fost ini\u0163iat caurmare a parteneriatului dintre Facultatea de \u015etiin\u0163e Economice \u015fi Administra\u0163ie Public\u0103, Camera deComer\u0163 \u015fi Industrie a Jude\u0163ului Suceava \u015fi Asocia\u0163ia pentru Turism Bucovina, membri ai RegionalTourism Cluster Bucovina.<\/p>","protected":false},"author":1,"featured_media":0,"parent":0,"menu_order":0,"comment_status":"closed","ping_status":"closed","template":"","meta":{"_eb_attr":"","spay_email":""},"_links":{"self":[{"href":"https:\/\/cerc.usv.ro\/en\/wp-json\/wp\/v2\/pages\/135"}],"collection":[{"href":"https:\/\/cerc.usv.ro\/en\/wp-json\/wp\/v2\/pages"}],"about":[{"href":"https:\/\/cerc.usv.ro\/en\/wp-json\/wp\/v2\/types\/page"}],"author":[{"embeddable":true,"href":"https:\/\/cerc.usv.ro\/en\/wp-json\/wp\/v2\/users\/1"}],"replies":[{"embeddable":true,"href":"https:\/\/cerc.usv.ro\/en\/wp-json\/wp\/v2\/comments?post=135"}],"version-history":[{"count":1,"href":"https:\/\/cerc.usv.ro\/en\/wp-json\/wp\/v2\/pages\/135\/revisions"}],"predecessor-version":[{"id":136,"href":"https:\/\/cerc.usv.ro\/en\/wp-json\/wp\/v2\/pages\/135\/revisions\/136"}],"wp:attachment":[{"href":"https:\/\/cerc.usv.ro\/en\/wp-json\/wp\/v2\/media?parent=135"}],"curies":[{"name":"wp","href":"https:\/\/api.w.org\/{rel}","templated":true}]}}