{"id":131,"date":"2021-08-31T12:47:56","date_gmt":"2021-08-31T12:47:56","guid":{"rendered":"https:\/\/cerc.usv.ro\/?page_id=131"},"modified":"2023-03-10T06:57:05","modified_gmt":"2023-03-10T06:57:05","slug":"faculty-of-economics-administration-and-business","status":"publish","type":"page","link":"https:\/\/cerc.usv.ro\/en\/faculty-of-economics-administration-and-business\/","title":{"rendered":"Faculty of Economics, Administration and Business"},"content":{"rendered":"<h2>Graduate tourism studies<\/h2>\n\n\n\n<p><strong>ETTS - Economy of Tourism, Trade and\nServices<br><\/strong>The specialization Economy of Tourism,\nTrade and Services was established at USV\nin 1990, initially existing<br>under the name of\nTourism and Services. Since this year,\nresearch in this branch has been\ncontinuously developed,<br>being materialized in\na vast number of partnerships, articles and\nbooks, turned into<br>a vast number of research\nprojects, tourism infrastructure development\nprojects in cooperation<br>with stakeholders in\nthe field, and vocational training projects for\nstaff in the tourism industry<br>and for students\nof this specialization.<\/p>\n\n\n\n<h2>Master tourism studies<\/h2>\n\n\n\n<ul><li>MTTSC \u2013 Management of Trade, Tourism\nand Services Companies<\/li><li>Plannet \u2013 Planning of New Tourism\nPrograms and Destination Management<\/li><\/ul>\n\n\n\n<h2>PhD directorate:<\/h2>\n\n\n\n<p>PhD directorate: Economics, with topics\napplied in tourism; Business administration,\nwith topics<br>applied in tourism.<\/p>\n\n\n\n<h2>Tourism Destination Manager &#8211; postgraduate course<\/h2>\n\n\n\n<figure class=\"wp-block-image size-large is-resized\"><img loading=\"lazy\" src=\"https:\/\/i1.wp.com\/feaa.usv.ro\/wp-content\/uploads\/sites\/15\/2023\/03\/manager_dest_turistica.jpg?resize=450%2C657&#038;ssl=1\" alt=\"\" width=\"450\" height=\"657\" data-recalc-dims=\"1\" \/><\/figure>","protected":false},"excerpt":{"rendered":"<p>Graduate tourism studies ECTS \u2013 Economia Turismului, Comer\u021bului \u0219i ServiciilorSpecializarea Economia Turismului, Comer\u021bului \u0219i Serviciilor a fost \u00eenfiin\u021bat\u0103 la USV \u00een 1990, exist\u00e2ndini\u021bial sub denumirea de Turism \u0219i Servicii. \u00cencep\u00e2nd cu acest an a fost dezvoltat\u0103 continuu cercetarea\u00een aceast\u0103 ramur\u0103, concretizat\u0103 \u00eentr-un num\u0103r vast de parteneriate, articole \u0219i c\u0103r\u021bi, valorificat\u0103 printr-un num\u0103r vast de proiecte [&hellip;]<\/p>","protected":false},"author":1,"featured_media":0,"parent":0,"menu_order":0,"comment_status":"closed","ping_status":"closed","template":"","meta":{"_eb_attr":"","spay_email":""},"_links":{"self":[{"href":"https:\/\/cerc.usv.ro\/en\/wp-json\/wp\/v2\/pages\/131"}],"collection":[{"href":"https:\/\/cerc.usv.ro\/en\/wp-json\/wp\/v2\/pages"}],"about":[{"href":"https:\/\/cerc.usv.ro\/en\/wp-json\/wp\/v2\/types\/page"}],"author":[{"embeddable":true,"href":"https:\/\/cerc.usv.ro\/en\/wp-json\/wp\/v2\/users\/1"}],"replies":[{"embeddable":true,"href":"https:\/\/cerc.usv.ro\/en\/wp-json\/wp\/v2\/comments?post=131"}],"version-history":[{"count":3,"href":"https:\/\/cerc.usv.ro\/en\/wp-json\/wp\/v2\/pages\/131\/revisions"}],"predecessor-version":[{"id":272,"href":"https:\/\/cerc.usv.ro\/en\/wp-json\/wp\/v2\/pages\/131\/revisions\/272"}],"wp:attachment":[{"href":"https:\/\/cerc.usv.ro\/en\/wp-json\/wp\/v2\/media?parent=131"}],"curies":[{"name":"wp","href":"https:\/\/api.w.org\/{rel}","templated":true}]}}