{"id":128,"date":"2021-10-29T09:08:29","date_gmt":"2021-10-29T09:08:29","guid":{"rendered":"https:\/\/cerc.usv.ro\/?page_id=128"},"modified":"2021-10-29T09:08:31","modified_gmt":"2021-10-29T09:08:31","slug":"seminarsworkshops","status":"publish","type":"page","link":"https:\/\/cerc.usv.ro\/en\/seminarsworkshops\/","title":{"rendered":"Seminars&#038;Workshops"},"content":{"rendered":"<div class=\"wp-block-group\"><div class=\"wp-block-group__inner-container\">\n<div class=\"wp-block-query\"><ul class=\"wp-block-post-template\"><li>\n<h2 class=\"wp-block-post-title\"><a href=\"https:\/\/cerc.usv.ro\/en\/2026\/01\/22\/reconstruction-du-patrimoine-de-la-restauration-materielle-a-la-guerison-communautaire\/\" target=\"_self\" rel=\"   \">Reconstruction du patrimoine : de la restauration mat\u00e9rielle \u00e0 la gu\u00e9rison communautaire<\/a><\/h2>\n\n<figure class=\"alignwide wp-block-post-featured-image\"><a href=\"https:\/\/cerc.usv.ro\/en\/2026\/01\/22\/reconstruction-du-patrimoine-de-la-restauration-materielle-a-la-guerison-communautaire\/\"><img width=\"607\" height=\"787\" src=\"https:\/\/i2.wp.com\/cerc.usv.ro\/wp-content\/uploads\/2026\/01\/CC_22_01_2026.jpg?resize=607%2C787&#038;ssl=1\" class=\"attachment-post-thumbnail size-post-thumbnail wp-post-image\" alt=\"\" loading=\"lazy\" srcset=\"https:\/\/i2.wp.com\/cerc.usv.ro\/wp-content\/uploads\/2026\/01\/CC_22_01_2026.jpg?w=607&amp;ssl=1 607w, https:\/\/i2.wp.com\/cerc.usv.ro\/wp-content\/uploads\/2026\/01\/CC_22_01_2026.jpg?resize=231%2C300&amp;ssl=1 231w, https:\/\/i2.wp.com\/cerc.usv.ro\/wp-content\/uploads\/2026\/01\/CC_22_01_2026.jpg?resize=9%2C12&amp;ssl=1 9w\" sizes=\"(max-width: 607px) 100vw, 607px\" data-recalc-dims=\"1\" \/><\/a><\/figure>\n\n<div class=\"wp-block-post-excerpt\"><p class=\"wp-block-post-excerpt__excerpt\"> <\/p><\/div>\n\n\n<hr class=\"wp-block-separator\"\/>\n\n\n<div class=\"wp-block-post-date\"><time datetime=\"2026-01-22T15:37:37+00:00\">January 22, 2026<\/time><\/div>\n<\/li><li>\n<h2 class=\"wp-block-post-title\"><a href=\"https:\/\/cerc.usv.ro\/en\/2025\/11\/26\/curs-turism-sustenabil\/\" target=\"_self\" rel=\"   \">Curs &#8211; Turism sustenabil<\/a><\/h2>\n\n<figure class=\"alignwide wp-block-post-featured-image\"><a href=\"https:\/\/cerc.usv.ro\/en\/2025\/11\/26\/curs-turism-sustenabil\/\"><img width=\"640\" height=\"905\" src=\"https:\/\/i1.wp.com\/cerc.usv.ro\/wp-content\/uploads\/2025\/11\/2025.11_Afis-ILCA-Turism-Sustenabil-1.png?resize=640%2C905&#038;ssl=1\" class=\"attachment-post-thumbnail size-post-thumbnail wp-post-image\" alt=\"\" loading=\"lazy\" srcset=\"https:\/\/i1.wp.com\/cerc.usv.ro\/wp-content\/uploads\/2025\/11\/2025.11_Afis-ILCA-Turism-Sustenabil-1.png?w=707&amp;ssl=1 707w, https:\/\/i1.wp.com\/cerc.usv.ro\/wp-content\/uploads\/2025\/11\/2025.11_Afis-ILCA-Turism-Sustenabil-1.png?resize=212%2C300&amp;ssl=1 212w, https:\/\/i1.wp.com\/cerc.usv.ro\/wp-content\/uploads\/2025\/11\/2025.11_Afis-ILCA-Turism-Sustenabil-1.png?resize=8%2C12&amp;ssl=1 8w\" sizes=\"(max-width: 640px) 100vw, 640px\" data-recalc-dims=\"1\" \/><\/a><\/figure>\n\n<div class=\"wp-block-post-excerpt\"><p class=\"wp-block-post-excerpt__excerpt\"> <\/p><\/div>\n\n\n<hr class=\"wp-block-separator\"\/>\n\n\n<div class=\"wp-block-post-date\"><time datetime=\"2025-11-26T11:53:38+00:00\">November 26, 2025<\/time><\/div>\n<\/li><li>\n<h2 class=\"wp-block-post-title\"><a href=\"https:\/\/cerc.usv.ro\/en\/2025\/11\/12\/smart-talk-2025\/\" target=\"_self\" rel=\"   \">SMART Talk 2025<\/a><\/h2>\n\n<figure class=\"alignwide wp-block-post-featured-image\"><a href=\"https:\/\/cerc.usv.ro\/en\/2025\/11\/12\/smart-talk-2025\/\"><img width=\"640\" height=\"537\" src=\"https:\/\/i0.wp.com\/cerc.usv.ro\/wp-content\/uploads\/2025\/11\/Blue-Modern-Best-Travel-Destination-Instagram-Post-Facebook-Post-Landscape.jpg?resize=640%2C537&#038;ssl=1\" class=\"attachment-post-thumbnail size-post-thumbnail wp-post-image\" alt=\"\" loading=\"lazy\" srcset=\"https:\/\/i0.wp.com\/cerc.usv.ro\/wp-content\/uploads\/2025\/11\/Blue-Modern-Best-Travel-Destination-Instagram-Post-Facebook-Post-Landscape.jpg?w=1763&amp;ssl=1 1763w, https:\/\/i0.wp.com\/cerc.usv.ro\/wp-content\/uploads\/2025\/11\/Blue-Modern-Best-Travel-Destination-Instagram-Post-Facebook-Post-Landscape.jpg?resize=300%2C252&amp;ssl=1 300w, https:\/\/i0.wp.com\/cerc.usv.ro\/wp-content\/uploads\/2025\/11\/Blue-Modern-Best-Travel-Destination-Instagram-Post-Facebook-Post-Landscape.jpg?resize=1024%2C858&amp;ssl=1 1024w, https:\/\/i0.wp.com\/cerc.usv.ro\/wp-content\/uploads\/2025\/11\/Blue-Modern-Best-Travel-Destination-Instagram-Post-Facebook-Post-Landscape.jpg?resize=768%2C644&amp;ssl=1 768w, https:\/\/i0.wp.com\/cerc.usv.ro\/wp-content\/uploads\/2025\/11\/Blue-Modern-Best-Travel-Destination-Instagram-Post-Facebook-Post-Landscape.jpg?resize=1536%2C1288&amp;ssl=1 1536w, https:\/\/i0.wp.com\/cerc.usv.ro\/wp-content\/uploads\/2025\/11\/Blue-Modern-Best-Travel-Destination-Instagram-Post-Facebook-Post-Landscape.jpg?resize=14%2C12&amp;ssl=1 14w, https:\/\/i0.wp.com\/cerc.usv.ro\/wp-content\/uploads\/2025\/11\/Blue-Modern-Best-Travel-Destination-Instagram-Post-Facebook-Post-Landscape.jpg?w=1280&amp;ssl=1 1280w\" sizes=\"(max-width: 640px) 100vw, 640px\" data-recalc-dims=\"1\" \/><\/a><\/figure>\n\n<div class=\"wp-block-post-excerpt\"><p class=\"wp-block-post-excerpt__excerpt\">V\u0103 a\u0219tept\u0103m la dou\u0103 \u00eent\u00e2lniri Destination SMART Talk, cu cel mai entuziast expert din turismul rom\u00e2nesc: Simion Giurc\u0103. Dac\u0103 nu ai optimism, nu rezi\u0219ti \u00een turismul din Rom\u00e2nia. Ai nevoie \u0219i de curaj, determinare, drag de oameni. Simion le completeaz\u0103 cu o experien\u021b\u0103 interna\u021bional\u0103 \u00een turism. Ne bucur\u0103m c\u0103 \u00eel avem ca lector la programele [&hellip;] <\/p><\/div>\n\n\n<hr class=\"wp-block-separator\"\/>\n\n\n<div class=\"wp-block-post-date\"><time datetime=\"2025-11-12T15:37:19+00:00\">November 12, 2025<\/time><\/div>\n<\/li><li>\n<h2 class=\"wp-block-post-title\"><a href=\"https:\/\/cerc.usv.ro\/en\/2023\/12\/13\/forum-de-bune-practici-in-turism-bucovina-2023\/\" target=\"_self\" rel=\"   \">Forum de Bune Practici in Turism. Bucovina 2023<\/a><\/h2>\n\n<figure class=\"alignwide wp-block-post-featured-image\"><a href=\"https:\/\/cerc.usv.ro\/en\/2023\/12\/13\/forum-de-bune-practici-in-turism-bucovina-2023\/\"><img width=\"640\" height=\"905\" src=\"https:\/\/i2.wp.com\/cerc.usv.ro\/wp-content\/uploads\/2023\/12\/afis-Forum-Turism-2023_preview.jpg?resize=640%2C905&#038;ssl=1\" class=\"attachment-post-thumbnail size-post-thumbnail wp-post-image\" alt=\"\" loading=\"lazy\" srcset=\"https:\/\/i2.wp.com\/cerc.usv.ro\/wp-content\/uploads\/2023\/12\/afis-Forum-Turism-2023_preview.jpg?w=707&amp;ssl=1 707w, https:\/\/i2.wp.com\/cerc.usv.ro\/wp-content\/uploads\/2023\/12\/afis-Forum-Turism-2023_preview.jpg?resize=212%2C300&amp;ssl=1 212w, https:\/\/i2.wp.com\/cerc.usv.ro\/wp-content\/uploads\/2023\/12\/afis-Forum-Turism-2023_preview.jpg?resize=8%2C12&amp;ssl=1 8w\" sizes=\"(max-width: 640px) 100vw, 640px\" data-recalc-dims=\"1\" \/><\/a><\/figure>\n\n<div class=\"wp-block-post-excerpt\"><p class=\"wp-block-post-excerpt__excerpt\"> <\/p><\/div>\n\n\n<hr class=\"wp-block-separator\"\/>\n\n\n<div class=\"wp-block-post-date\"><time datetime=\"2023-12-13T17:46:53+00:00\">December 13, 2023<\/time><\/div>\n<\/li><li>\n<h2 class=\"wp-block-post-title\"><a href=\"https:\/\/cerc.usv.ro\/en\/2021\/10\/29\/better-tourism-better-life-eveniment-organizat-de-university-of-west-london-participare-gratuit\/\" target=\"_self\" rel=\"   \">\u201cBetter Tourism, Better Life\u201d. Eveniment organizat de University of West London, participare gratuit<\/a><\/h2>\n\n\n\n<div class=\"wp-block-post-excerpt\"><p class=\"wp-block-post-excerpt__excerpt\">FREE Webinar on the&nbsp;31st&nbsp;of October2021&nbsp;(11am \u2013 1pm GMT) on&nbsp;urban tourism&nbsp;\u201cBetter Tourism, Better Life\u201d, in celebration of the World Cities Day. The event will conclude with the launch of the new book \u201cWorld Tourism Cities: A systematic approach to urban tourism\u201d (Morrison &amp; Maxim), to be published by Routledge this November. Register your participation at the [&hellip;] <\/p><\/div>\n\n\n<hr class=\"wp-block-separator\"\/>\n\n\n<div class=\"wp-block-post-date\"><time datetime=\"2021-10-29T08:57:56+00:00\">October 29, 2021<\/time><\/div>\n<\/li><\/ul><\/div>\n<\/div><\/div>","protected":false},"excerpt":{"rendered":"","protected":false},"author":1,"featured_media":0,"parent":0,"menu_order":0,"comment_status":"closed","ping_status":"closed","template":"","meta":{"_eb_attr":"","spay_email":""},"_links":{"self":[{"href":"https:\/\/cerc.usv.ro\/en\/wp-json\/wp\/v2\/pages\/128"}],"collection":[{"href":"https:\/\/cerc.usv.ro\/en\/wp-json\/wp\/v2\/pages"}],"about":[{"href":"https:\/\/cerc.usv.ro\/en\/wp-json\/wp\/v2\/types\/page"}],"author":[{"embeddable":true,"href":"https:\/\/cerc.usv.ro\/en\/wp-json\/wp\/v2\/users\/1"}],"replies":[{"embeddable":true,"href":"https:\/\/cerc.usv.ro\/en\/wp-json\/wp\/v2\/comments?post=128"}],"version-history":[{"count":1,"href":"https:\/\/cerc.usv.ro\/en\/wp-json\/wp\/v2\/pages\/128\/revisions"}],"predecessor-version":[{"id":210,"href":"https:\/\/cerc.usv.ro\/en\/wp-json\/wp\/v2\/pages\/128\/revisions\/210"}],"wp:attachment":[{"href":"https:\/\/cerc.usv.ro\/en\/wp-json\/wp\/v2\/media?parent=128"}],"curies":[{"name":"wp","href":"https:\/\/api.w.org\/{rel}","templated":true}]}}