{"id":103,"date":"2021-08-26T08:33:52","date_gmt":"2021-08-26T08:33:52","guid":{"rendered":"https:\/\/cerc.usv.ro\/?page_id=103"},"modified":"2021-09-01T11:24:45","modified_gmt":"2021-09-01T11:24:45","slug":"103-2","status":"publish","type":"page","link":"https:\/\/cerc.usv.ro\/en\/","title":{"rendered":"Index"},"content":{"rendered":"<div class=\"wp-block-cover has-background-dim\"><img loading=\"lazy\" width=\"640\" height=\"329\" class=\"wp-block-cover__image-background wp-image-11\" alt=\"\" src=\"https:\/\/i0.wp.com\/cerc.usv.ro\/wp-content\/uploads\/2020\/08\/cerc_header.jpg?resize=640%2C329&#038;ssl=1\" data-object-fit=\"cover\" srcset=\"https:\/\/i0.wp.com\/cerc.usv.ro\/wp-content\/uploads\/2020\/08\/cerc_header.jpg?w=1801&amp;ssl=1 1801w, https:\/\/i0.wp.com\/cerc.usv.ro\/wp-content\/uploads\/2020\/08\/cerc_header.jpg?resize=300%2C154&amp;ssl=1 300w, https:\/\/i0.wp.com\/cerc.usv.ro\/wp-content\/uploads\/2020\/08\/cerc_header.jpg?resize=1024%2C526&amp;ssl=1 1024w, https:\/\/i0.wp.com\/cerc.usv.ro\/wp-content\/uploads\/2020\/08\/cerc_header.jpg?resize=768%2C395&amp;ssl=1 768w, https:\/\/i0.wp.com\/cerc.usv.ro\/wp-content\/uploads\/2020\/08\/cerc_header.jpg?resize=1536%2C790&amp;ssl=1 1536w, https:\/\/i0.wp.com\/cerc.usv.ro\/wp-content\/uploads\/2020\/08\/cerc_header.jpg?w=1280&amp;ssl=1 1280w\" sizes=\"(max-width: 640px) 100vw, 640px\" data-recalc-dims=\"1\" \/><div class=\"wp-block-cover__inner-container\">\n<p class=\"has-text-align-center has-large-font-size\">ABOUT CERC TOURISM<\/p>\n<\/div><\/div>\n\n\n\n<div style=\"height:37px\" aria-hidden=\"true\" class=\"wp-block-spacer\"><\/div>\n\n\n\n<p><strong>Field of activity: <\/strong>Tourism<br><strong>Other related fields of activity:<\/strong> <em>Dezvoltare durabil\u0103 \u015fi ecoturism, turism rural, turism interna\u0163ional, turism cultural, turism activ \u015fi anima\u0163ie \u00een turism, managementul \u015fi marketingul destina\u0163iilor turistice, marketing turistic, management hotelier \u015fi industria ospitalit\u0103\u0163ii<\/em>.<br><\/p>\n\n\n\n<p><strong>Mission and objectives:<\/strong><br>The research centre is subordinated to the\nresearch strategy at FSEAP level and is\ndeeply anchored in the international, national\nand regional context, through the activity of\nCERC members and existing collaborations.\nCERC-Tour is initiated to facilitate research\nand the establishment of research teams in\ntourism, to increase the quality of research\nand to strengthen cooperation with various\neconomic agents and institutions of local\nauthorities.<\/p>\n\n\n\n<p>The set-up of the centre was based on the\nsignificant contribution of USV in the\ndevelopment and promotion of the Bucovina\ndestination, but also on the importance of the\ncontributions made by FSEAP teachers in the\nfield of tourism science and business\nadministration.<br>The scientific research is carried out in two\ndirections: <\/p>\n\n\n\n<p>a) within the faculty, individually or\nin a team, on scientific or interdisciplinary\nfields; <\/p>\n\n\n\n<p>b) in cooperation with other institutions\nor economic agents, having a practical-\napplicative character. <\/p>\n\n\n\n<p>The field of tourism is\none of the fields with tradition within FSEAP,\nbeing the first specialization of this faculty.<br>The Faculty of Economics and Public\nAdministration (FSEAP) initiates and\nparticipates in research programs in\ncollaboration with universities, centres and\ninstitutions from Romania and from other European Union countries, on tourism topics,\nas well as with local and central public\nadministration authorities. FSEAP was invited\nto contribute to the implementation of tourism\nstrategies for Suceava Municipality, for\nSuceava County, for other destinations in the\ncounty, and for destination management<br>associations (Association for Tourism\nBucovina, Association for Tourism\nDevelopment and Promotion Sucevita, Vama,\netc.).<\/p>\n\n\n\n<p>At the same time, FSEAP academic staff\ncooperated with important international\norganizations in tourism development projects,\namong which we mention: GIZ (Gesellschaft\nfuer Internationale Zusammenarbeit), NFI\n(Nature Friends International), WWF Romania\n(Danube-Carpathians Program), Romanian\nEcotourism Association), Suceava Chamber of\nCommerce and Industry, North-East\nDevelopment Agency.<\/p>\n\n\n\n<p><strong>CERC mission<\/strong><br>Developing knowledge in tourism through\nadvanced research in this field, as well as\nincreasing the quality of services in the\nhospitality industry through organized training\nprograms. The research potential of the\ncollaborators and the projects in which they\nparticipate, it represents opportunities that\nFSEAP aims to develop and dynamize in\nfuture research and training programs, within\nthe CERC Tour.<\/p>\n\n\n\n<p><strong>Research fields:<\/strong><\/p>\n\n\n\n<ul><li>Destination management;<\/li><li>Analysis of tourist motivation;<\/li><li>Cultural and heritage tourism;<\/li><li>Event management;<\/li><li>Sustainable development and ecotourism;<\/li><li>Comparative tourism marketing;<\/li><li>Gastronomy and creative tourism;<\/li><li>Human resources management in tourism;<\/li><li>The tourist offer of the Bucovina destination;\nDatabase;<\/li><li>The cultural landscape of tourist destinations;<\/li><li>Innovation and future services;<\/li><li>Analysis of the quality of tourist services;<\/li><li>Vocational training in tourism.<\/li><\/ul>\n\n\n\n<p><strong>PhD directorate: <\/strong>Economics, with topics\napplied in tourism; Business administration,\nwith topics applied in tourism.<\/p>","protected":false},"excerpt":{"rendered":"<p>Domeniul de activitate: Turism.Subdomenii: Dezvoltare durabil\u0103 \u015fi ecoturism, turism rural, turism interna\u0163ional, turism cultural, turism activ \u015fi anima\u0163ie \u00een turism, managementul \u015fi marketingul destina\u0163iilor turistice, marketing turistic, management hotelier \u015fi industria ospitalit\u0103\u0163ii. Misiune \u0219i obiective:Centrul de cercetare se subordoneaz\u0103 strategiei de cercetare la nivelul FSEAP \u0219i este profund ancorat la contextul interna\u021bional, na\u021bional \u0219i regional, [&hellip;]<\/p>","protected":false},"author":1,"featured_media":11,"parent":0,"menu_order":0,"comment_status":"closed","ping_status":"closed","template":"","meta":{"_eb_attr":"","spay_email":""},"_links":{"self":[{"href":"https:\/\/cerc.usv.ro\/en\/wp-json\/wp\/v2\/pages\/103"}],"collection":[{"href":"https:\/\/cerc.usv.ro\/en\/wp-json\/wp\/v2\/pages"}],"about":[{"href":"https:\/\/cerc.usv.ro\/en\/wp-json\/wp\/v2\/types\/page"}],"author":[{"embeddable":true,"href":"https:\/\/cerc.usv.ro\/en\/wp-json\/wp\/v2\/users\/1"}],"replies":[{"embeddable":true,"href":"https:\/\/cerc.usv.ro\/en\/wp-json\/wp\/v2\/comments?post=103"}],"version-history":[{"count":5,"href":"https:\/\/cerc.usv.ro\/en\/wp-json\/wp\/v2\/pages\/103\/revisions"}],"predecessor-version":[{"id":112,"href":"https:\/\/cerc.usv.ro\/en\/wp-json\/wp\/v2\/pages\/103\/revisions\/112"}],"wp:featuredmedia":[{"embeddable":true,"href":"https:\/\/cerc.usv.ro\/en\/wp-json\/wp\/v2\/media\/11"}],"wp:attachment":[{"href":"https:\/\/cerc.usv.ro\/en\/wp-json\/wp\/v2\/media?parent=103"}],"curies":[{"name":"wp","href":"https:\/\/api.w.org\/{rel}","templated":true}]}}